{"id":19,"date":"2025-08-20T21:57:35","date_gmt":"2025-08-20T21:57:35","guid":{"rendered":"https:\/\/stefaniagraziano.fr\/?page_id=19"},"modified":"2025-08-21T14:30:55","modified_gmt":"2025-08-21T14:30:55","slug":"stefania-graziano-glockner","status":"publish","type":"page","link":"https:\/\/stefaniagraziano.fr\/","title":{"rendered":"Stefania Graziano Glockner"},"content":{"rendered":"\n<p>Passionn\u00e9e par les langues, l&rsquo;enseignement, la culture, <strong>j&rsquo;enseigne l&rsquo;italien<\/strong> pour tous les niveaux et les publics, \u00e0 Bordeaux et sa m\u00e9tropole. J&rsquo;applique une p\u00e9dagogie des plus modernes tout en tenant compte de la personnalit\u00e9 et du bagage culturel de chaque \u00e9l\u00e8ve. Je mets rapidement les \u00e9l\u00e8ves en confiance afin que les cours puissent se d\u00e9rouler dans une atmosph\u00e8re d&rsquo;\u00e9change et de partage.<\/p>\n\n\n\n<p>Je consacre aussi une partie de mon temps \u00e0 la <strong>traduction<\/strong>, activit\u00e9 fascinante qui va au del\u00e0 de la simple transformation des mots d&rsquo;une langue \u00e0 une autre comme l&rsquo;on pourrait imaginer mais qui n\u00e9cessite aussi de s&rsquo;impr\u00e9gner de la culture de chaque pays, de son histoire et de ses traditions dont les langues sont le reflet.<\/p>\n\n\n\n<p>J&rsquo;ai fond\u00e9 en 2010 l\u2019<strong>association culturelle <em>Notre Italie<\/em><\/strong>, reconnue d\u2019int\u00e9r\u00eat g\u00e9n\u00e9ral en 2022, dont l&rsquo;objectif est de promouvoir la culture italienne et de renforcer les liens entre la France et l\u2019Italie \u00e0 travers des manifestations, ateliers, voyages, rencontres, etc. Elle propose une vision d\u2019une Italie diff\u00e9rente, loin des clich\u00e9s habituels : des \u00e9changes avec des auteurs italiens majeurs autour du sens de leurs livres, de la musique en langue italienne qui r\u00e9siste \u00e0 l\u2019h\u00e9g\u00e9monie de l\u2019uniformisation, des projections de films ou documentaires d\u00e9voilant le monde sous un autre angle, des expositions d\u2019artistes, des tables rondes pour dialoguer et croiser les points de vue, ainsi que des d\u00e9gustations m\u00ealant saveurs fran\u00e7aises et italiennes.<\/p>\n\n\n\n<p>En 2019 j&rsquo;ai cr\u00e9\u00e9 le<strong><em> festival franco-italien de litt\u00e9rature et culture FFILI <\/em><\/strong>n\u00e9 de la volont\u00e9 de faire partager \u00e0 un public plus large la passion de la culture italienne et des liens entre la France et l&rsquo;Italie qui anime l&rsquo;association Notre Italie depuis plus de15 ans.<\/p>\n\n\n\n<p>Voici mon cursus universitaire, professionnel et culturel :<\/p>\n\n\n\n<ul class=\"wp-block-list\">\n<li>Formation initiale : diplom\u00e9e en g\u00e9ologie de l&rsquo;Universit\u00e9 de la Calabre en Italie et travail de recherche sur le magn\u00e9tisme terrestre \u00e0 l&rsquo;universit\u00e9 de Purdue aux Etats Unis<\/li>\n\n\n\n<li>Etudes de Fran\u00e7ais Langue Etrang\u00e8re au DEFLE de l&rsquo;Universit\u00e9 de Bordeaux<\/li>\n\n\n\n<li>Formation en Italien Langue Etrang\u00e8re \u00e0 l&rsquo;Universit\u00e9 &lsquo;Ca Foscari de Venise<\/li>\n\n\n\n<li>Lectrice d&rsquo;italien \u00e0 l&rsquo;Universite de Bordeaux III et \u00e0 l&rsquo;universit\u00e9 Bordeaux-Montaigne<\/li>\n\n\n\n<li>Professeur d&rsquo;italien dans diff\u00e9rentes \u00e9coles et structures de Bordeaux et sa m\u00e9tropole<\/li>\n\n\n\n<li>Pr\u00e9sidente de l&rsquo;association <a href=\"https:\/\/notre-italie.org\" target=\"_blank\" rel=\"noreferrer noopener\">Notre Italie,<\/a> qui a pour objet de diffuser et de faire partager la passion de l\u2019Italie, de sa culture et de ses saveurs<\/li>\n\n\n\n<li>Directrice de la revue culturelle <a href=\"https:\/\/simposio-italiano.org\" target=\"_blank\" rel=\"noreferrer noopener\">Simposio Italiano<\/a>.<\/li>\n\n\n\n<li>Coordinatrice de l&rsquo;association l&rsquo;<a href=\"https:\/\/italien-autrement.org\" target=\"_blank\" rel=\"noreferrer noopener\">Italien Autrement.<\/a><\/li>\n\n\n\n<li>Pr\u00e9sidente du festival franco-italien de litt\u00e9rature et de culture <a href=\"https:\/\/ffili.fr\" target=\"_blank\" rel=\"noreferrer noopener\">FFILI<\/a>.<\/li>\n<\/ul>\n","protected":false},"excerpt":{"rendered":"<p>Passionn\u00e9e par les langues, l&rsquo;enseignement, la culture, j&rsquo;enseigne l&rsquo;italien pour tous les niveaux et les publics, \u00e0 Bordeaux et sa m\u00e9tropole. J&rsquo;applique une p\u00e9dagogie des&hellip;<\/p>\n","protected":false},"author":1,"featured_media":0,"parent":0,"menu_order":0,"comment_status":"closed","ping_status":"closed","template":"","meta":{"footnotes":""},"class_list":["post-19","page","type-page","status-publish","hentry"],"_links":{"self":[{"href":"https:\/\/stefaniagraziano.fr\/index.php\/wp-json\/wp\/v2\/pages\/19","targetHints":{"allow":["GET"]}}],"collection":[{"href":"https:\/\/stefaniagraziano.fr\/index.php\/wp-json\/wp\/v2\/pages"}],"about":[{"href":"https:\/\/stefaniagraziano.fr\/index.php\/wp-json\/wp\/v2\/types\/page"}],"author":[{"embeddable":true,"href":"https:\/\/stefaniagraziano.fr\/index.php\/wp-json\/wp\/v2\/users\/1"}],"replies":[{"embeddable":true,"href":"https:\/\/stefaniagraziano.fr\/index.php\/wp-json\/wp\/v2\/comments?post=19"}],"version-history":[{"count":18,"href":"https:\/\/stefaniagraziano.fr\/index.php\/wp-json\/wp\/v2\/pages\/19\/revisions"}],"predecessor-version":[{"id":117,"href":"https:\/\/stefaniagraziano.fr\/index.php\/wp-json\/wp\/v2\/pages\/19\/revisions\/117"}],"wp:attachment":[{"href":"https:\/\/stefaniagraziano.fr\/index.php\/wp-json\/wp\/v2\/media?parent=19"}],"curies":[{"name":"wp","href":"https:\/\/api.w.org\/{rel}","templated":true}]}}